{"id":1762,"date":"2024-08-13T07:51:46","date_gmt":"2024-08-13T07:51:46","guid":{"rendered":"https:\/\/babbonatalerun.it\/reglement-family-run\/"},"modified":"2024-11-24T10:45:17","modified_gmt":"2024-11-24T10:45:17","slug":"reglement-family-run","status":"publish","type":"page","link":"https:\/\/babbonatalerun.it\/fr\/reglement-family-run\/","title":{"rendered":"R\u00e8glement FAMILY RUN"},"content":{"rendered":"<p>[et_pb_section fb_built=\u00a0\u00bb1&Prime; _builder_version=\u00a0\u00bb4.27.0&Prime; _module_preset=\u00a0\u00bbdefault\u00a0\u00bb custom_margin=\u00a0\u00bb||||false|false\u00a0\u00bb global_colors_info=\u00a0\u00bb{}\u00a0\u00bb][et_pb_row _builder_version=\u00a0\u00bb4.27.0&Prime; _module_preset=\u00a0\u00bbdefault\u00a0\u00bb global_colors_info=\u00a0\u00bb{}\u00a0\u00bb][et_pb_column type=\u00a0\u00bb4_4&Prime; _builder_version=\u00a0\u00bb4.27.0&Prime; _module_preset=\u00a0\u00bbdefault\u00a0\u00bb global_colors_info=\u00a0\u00bb{}\u00a0\u00bb][et_pb_text _builder_version=\u00a0\u00bb4.27.2&Prime; _module_preset=\u00a0\u00bbdefault\u00a0\u00bb header_2_text_color=\u00a0\u00bb#9b1107&Prime; header_2_font_size=\u00a0\u00bb35px\u00a0\u00bb global_colors_info=\u00a0\u00bb{}\u00a0\u00bb]<\/p>\n<h2><strong>R\u00e8glement FAMILY RUN<\/strong><\/h2>\n<h2 style=\"text-align: center;\"> <\/h2>\n<p>[\/et_pb_text][et_pb_text _builder_version=\u00a0\u00bb4.27.3&Prime; _module_preset=\u00a0\u00bbdefault\u00a0\u00bb header_2_text_color=\u00a0\u00bb#281e41&Prime; header_2_font_size=\u00a0\u00bb35px\u00a0\u00bb hover_enabled=\u00a0\u00bb0&Prime; global_colors_info=\u00a0\u00bb{}\u00a0\u00bb sticky_enabled=\u00a0\u00bb0&Prime;]<\/p>\n<ul>\n<li>\u00c9v\u00e9nement : <strong>FAMILY RUN de la Course du P\u00e8re No\u00ebl<\/strong><\/li>\n<li>\n<p align=\"LEFT\">Organisation sportive : <strong>ACLI Poggio<\/strong><\/p>\n<\/li>\n<li>\n<p align=\"LEFT\">Date : <strong>22 d\u00e9cembre 2024 \u2013 10h30<\/strong><\/p>\n<\/li>\n<li>\n<p align=\"LEFT\">D\u00e9part : <strong>Poggio de Sanremo<\/strong><\/p>\n<\/li>\n<li>\n<p align=\"LEFT\">Parcours : <strong>Poggio de Sanremo<\/strong><\/p>\n<\/li>\n<li>\n<p align=\"LEFT\">Arriv\u00e9e : <strong>Poggio de Sanremo<\/strong><\/p>\n<\/li>\n<li>\n<p align=\"LEFT\">Longueur : <strong>Environ 6 km<\/strong><\/p>\n<\/li>\n<li>\n<p align=\"LEFT\">Base de l\u2019\u00e9v\u00e9nement (retrait des dossards) : <strong>Poggio de Sanremo<\/strong><\/p>\n<\/li>\n<\/ul>\n<p>[\/et_pb_text][et_pb_text _builder_version=\u00a0\u00bb4.27.2&Prime; _module_preset=\u00a0\u00bbdefault\u00a0\u00bb header_2_text_color=\u00a0\u00bb#281e41&Prime; header_2_font_size=\u00a0\u00bb35px\u00a0\u00bb header_3_text_color=\u00a0\u00bb#9b1107&Prime; global_colors_info=\u00a0\u00bb{}\u00a0\u00bb]<\/p>\n<h3 align=\"LEFT\">CRIT\u00c8RES DE PARTICIPATION<\/h3>\n<p align=\"LEFT\">La <strong>Family Run<\/strong> est ouverte \u00e0 tous, petits et grands, avec pour seule condition l\u2019envie de s\u2019amuser ! Le caract\u00e8re ludique de l\u2019\u00e9v\u00e9nement ne requiert pas de certificat m\u00e9dical (l\u2019inscription exon\u00e8re l\u2019organisation de toute responsabilit\u00e9). <\/p>\n<p>[\/et_pb_text][et_pb_text _builder_version=\u00a0\u00bb4.27.3&Prime; _module_preset=\u00a0\u00bbdefault\u00a0\u00bb header_2_text_color=\u00a0\u00bb#281e41&Prime; header_2_font_size=\u00a0\u00bb35px\u00a0\u00bb header_3_text_color=\u00a0\u00bb#9b1107&Prime; global_colors_info=\u00a0\u00bb{}\u00a0\u00bb]<\/p>\n<h3 align=\"LEFT\">MODALIT\u00c9S D&rsquo;INSCRIPTION<\/h3>\n<p>a) <strong>En ligne jusqu\u2019au 15 d\u00e9cembre sur le site officiel de l\u2019\u00e9v\u00e9nement<\/strong>, pour paiements par virement bancaire, Visa, Mastercard, Amex ou Paypal.<strong><br \/><\/strong><\/p>\n<p>b) <strong>En ligne jusqu\u2019au 20 d\u00e9cembre sur le site officiel<\/strong>, pour paiements par Visa, Mastercard, Amex ou Paypal.<\/p>\n<p><strong>c)<\/strong> <strong>Inscription directe au guichet de l\u2019organisation<\/strong>, ouvert aux dates indiqu\u00e9es sur la page <strong><a href=\"https:\/\/babbonatalerun.it\/fr\/programme\/\" target=\"_blank\" rel=\"noopener noreferrer\">Programme des courses<\/a><\/strong>.<\/p>\n<p>[\/et_pb_text][et_pb_text _builder_version=\u00a0\u00bb4.27.2&Prime; _module_preset=\u00a0\u00bbdefault\u00a0\u00bb header_2_text_color=\u00a0\u00bb#281e41&Prime; header_2_font_size=\u00a0\u00bb35px\u00a0\u00bb header_3_text_color=\u00a0\u00bb#9b1107&Prime; global_colors_info=\u00a0\u00bb{}\u00a0\u00bb]<\/p>\n<h3>FRAIS D&rsquo;INSCRIPTION<\/h3>\n<table width=\"519\">\n<thead>\n<tr>\n<td width=\"257\"><strong> <\/strong><\/td>\n<td width=\"85\"><strong>Moins de 14 ans<\/strong><\/td>\n<td width=\"177\"><strong>15 ans et plus<\/strong><\/td>\n<\/tr>\n<\/thead>\n<tbody>\n<tr>\n<td><strong>Inscription en ligne jusqu&rsquo;au 20 d\u00e9cembre<\/strong><\/td>\n<td><strong>Gratuite<\/strong><\/td>\n<td><strong>\u20ac 10,00<\/strong><\/td>\n<\/tr>\n<tr>\n<td><strong>Inscription sur place (21-22 d\u00e9cembre)<\/strong><\/td>\n<td><strong>Gratuite<\/strong><\/td>\n<td> <strong>\u20ac 10,00<\/strong><\/td>\n<\/tr>\n<\/tbody>\n<\/table>\n<p align=\"LEFT\">Frais de dossier : 6%<\/p>\n<h2 style=\"text-align: center;\"> <\/h2>\n<p>[\/et_pb_text][et_pb_text _builder_version=\u00a0\u00bb4.27.2&Prime; _module_preset=\u00a0\u00bbdefault\u00a0\u00bb header_2_text_color=\u00a0\u00bb#281e41&Prime; header_2_font_size=\u00a0\u00bb35px\u00a0\u00bb header_3_text_color=\u00a0\u00bb#9b1107&Prime; global_colors_info=\u00a0\u00bb{}\u00a0\u00bb]<\/p>\n<h3 align=\"LEFT\">LA PARTICIPATION INCLUT LES SERVICES SUIVANTS :<\/h3>\n<ul>\n<li>Assistance m\u00e9dicale<\/li>\n<li>Assurance responsabilit\u00e9 civile<\/li>\n<li>Dossard<\/li>\n<li><strong>Gadgets pour les moins de 14 ans<\/strong><\/li>\n<\/ul>\n<p>[\/et_pb_text][et_pb_text _builder_version=\u00a0\u00bb4.27.2&Prime; _module_preset=\u00a0\u00bbdefault\u00a0\u00bb header_2_text_color=\u00a0\u00bb#281e41&Prime; header_2_font_size=\u00a0\u00bb35px\u00a0\u00bb header_3_text_color=\u00a0\u00bb#9b1107&Prime; global_colors_info=\u00a0\u00bb{}\u00a0\u00bb]<\/p>\n<h3 align=\"LEFT\">PHOTOGRAPHIES DES PARTICIPANTS<\/h3>\n<p align=\"LEFT\">Un service photo officiel suivra la course.<\/p>\n<p>[\/et_pb_text][et_pb_text _builder_version=\u00a0\u00bb4.27.2&Prime; _module_preset=\u00a0\u00bbdefault\u00a0\u00bb header_2_text_color=\u00a0\u00bb#281e41&Prime; header_2_font_size=\u00a0\u00bb35px\u00a0\u00bb header_3_text_color=\u00a0\u00bb#9b1107&Prime; global_colors_info=\u00a0\u00bb{}\u00a0\u00bb]<\/p>\n<h3>AVERTISSEMENTS FINAUX<\/h3>\n<p>L\u2019organisation se r\u00e9serve le droit de modifier le pr\u00e9sent r\u00e8glement \u00e0 tout moment pour des raisons jug\u00e9es n\u00e9cessaires \u00e0 une meilleure organisation de l\u2019\u00e9v\u00e9nement.<\/p>\n<p>Toute modification de services, lieux ou horaires sera communiqu\u00e9e aux participants inscrits ou publi\u00e9e sur le site internet www.babbonatalerun.it. De plus, la documentation contenant les informations essentielles pour participer \u00e0 la course sera fournie avec le dossard. <\/p>\n<p><strong>Privacy<\/strong><\/p>\n<p>En s&rsquo;inscrivant \u00e0 la Family Run, l\u2019athl\u00e8te autorise l\u2019organisation \u00e0 traiter ses donn\u00e9es personnelles pour g\u00e9rer l\u2019inscription et les services associ\u00e9s (tel que le service photographique officiel), incluant chronom\u00e9trage, classements, et communication d&rsquo;informations sur l\u2019\u00e9v\u00e9nement et autres \u00e9v\u00e9nements similaires.<\/p>\n<p><strong>Droit \u00e0 l&rsquo;image<\/strong><\/p>\n<p>En s\u2019inscrivant \u00e0 la Family Run, l\u2019athl\u00e8te autorise express\u00e9ment l\u2019organisation, ainsi que les sponsors et partenaires m\u00e9dias, \u00e0 utiliser les images fixes ou anim\u00e9es dans lesquelles il pourrait appara\u00eetre, sur tous supports, y compris les mat\u00e9riels promotionnels et\/ou publicitaires, dans le monde entier, pour la dur\u00e9e maximale permise par la loi et les r\u00e8glements en vigueur, y compris toute \u00e9ventuelle prolongation.<\/p>\n<p><strong>Organisation<\/strong><\/p>\n<p><strong><em>ACLI Santa Margherita &#8211; Poggio di Sanremo<br \/>et<br \/>Comitato Organizzatore Sanremo Marathon<\/em><\/strong><br \/>Corso Garibaldi 132 c\/o Studio Corrent Forghieri<br \/>18038 Sanremo IM<\/p>\n<p>en collaboration avec NYALA WONDER TRAVEL d.m.c. Sanremo<\/p>\n<h2 style=\"text-align: center;\"> <\/h2>\n<h2 style=\"text-align: center;\"> <\/h2>\n<p>[\/et_pb_text][\/et_pb_column][\/et_pb_row][\/et_pb_section]<\/p>\n","protected":false},"excerpt":{"rendered":"<p>Rejoignez-nous pour c\u00e9l\u00e9brer ensemble lors de la Course de No\u00ebl de Sanremo ! Participez \u00e0 la Course du P\u00e8re No\u00ebl ! <\/p>\n","protected":false},"author":3,"featured_media":0,"parent":0,"menu_order":0,"comment_status":"closed","ping_status":"closed","template":"","meta":{"_et_pb_use_builder":"on","_et_pb_old_content":"","_et_gb_content_width":"","footnotes":""},"class_list":["post-1762","page","type-page","status-publish","hentry"],"_links":{"self":[{"href":"https:\/\/babbonatalerun.it\/fr\/wp-json\/wp\/v2\/pages\/1762","targetHints":{"allow":["GET"]}}],"collection":[{"href":"https:\/\/babbonatalerun.it\/fr\/wp-json\/wp\/v2\/pages"}],"about":[{"href":"https:\/\/babbonatalerun.it\/fr\/wp-json\/wp\/v2\/types\/page"}],"author":[{"embeddable":true,"href":"https:\/\/babbonatalerun.it\/fr\/wp-json\/wp\/v2\/users\/3"}],"replies":[{"embeddable":true,"href":"https:\/\/babbonatalerun.it\/fr\/wp-json\/wp\/v2\/comments?post=1762"}],"version-history":[{"count":4,"href":"https:\/\/babbonatalerun.it\/fr\/wp-json\/wp\/v2\/pages\/1762\/revisions"}],"predecessor-version":[{"id":1866,"href":"https:\/\/babbonatalerun.it\/fr\/wp-json\/wp\/v2\/pages\/1762\/revisions\/1866"}],"wp:attachment":[{"href":"https:\/\/babbonatalerun.it\/fr\/wp-json\/wp\/v2\/media?parent=1762"}],"curies":[{"name":"wp","href":"https:\/\/api.w.org\/{rel}","templated":true}]}}