{"id":1817,"date":"2024-11-07T08:53:41","date_gmt":"2024-11-07T08:53:41","guid":{"rendered":"https:\/\/babbonatalerun.it\/?page_id=1817"},"modified":"2024-11-07T08:58:16","modified_gmt":"2024-11-07T08:58:16","slug":"parcours-course-du-pere-noel","status":"publish","type":"page","link":"https:\/\/babbonatalerun.it\/fr\/parcours-course-du-pere-noel\/","title":{"rendered":"Parcours Course du P\u00e8re No\u00ebl"},"content":{"rendered":"<p>[et_pb_section fb_built=\u00a0\u00bb1&Prime; _builder_version=\u00a0\u00bb4.27.0&Prime; _module_preset=\u00a0\u00bbdefault\u00a0\u00bb custom_margin=\u00a0\u00bb||||false|false\u00a0\u00bb global_colors_info=\u00a0\u00bb{}\u00a0\u00bb][et_pb_row _builder_version=\u00a0\u00bb4.27.0&Prime; _module_preset=\u00a0\u00bbdefault\u00a0\u00bb global_colors_info=\u00a0\u00bb{}\u00a0\u00bb][et_pb_column type=\u00a0\u00bb4_4&Prime; _builder_version=\u00a0\u00bb4.27.0&Prime; _module_preset=\u00a0\u00bbdefault\u00a0\u00bb global_colors_info=\u00a0\u00bb{}\u00a0\u00bb][et_pb_text _builder_version=\u00a0\u00bb4.27.2&Prime; _module_preset=\u00a0\u00bbdefault\u00a0\u00bb header_2_text_color=\u00a0\u00bb#9b1107&Prime; header_2_font_size=\u00a0\u00bb35px\u00a0\u00bb global_colors_info=\u00a0\u00bb{}\u00a0\u00bb]<\/p>\n<h2><strong>Parcours <\/strong><strong>COURSE DU P\u00c8RE NO\u00cbL<\/strong><\/h2>\n<p>&nbsp;<\/p>\n<p>[\/et_pb_text][et_pb_text _builder_version=\u00a0\u00bb4.27.2&Prime; _module_preset=\u00a0\u00bbdefault\u00a0\u00bb header_2_text_color=\u00a0\u00bb#281e41&Prime; header_2_font_size=\u00a0\u00bb35px\u00a0\u00bb hover_enabled=\u00a0\u00bb0&Prime; global_colors_info=\u00a0\u00bb{}\u00a0\u00bb sticky_enabled=\u00a0\u00bb0&Prime;]<\/p>\n<p>Le parcours de la <strong>Course du P\u00e8re No\u00ebl<\/strong> traversera <strong>Poggio di Sanremo<\/strong> et sera d\u2019environ <strong>7 km<\/strong>.<\/p>\n<p>[\/et_pb_text][et_pb_image src=\u00a0\u00bbhttps:\/\/babbonatalerun.it\/wp-content\/uploads\/2024\/11\/percorso-babbo-natale-run.jpeg\u00a0\u00bb alt=\u00a0\u00bbparcours babbo natale run\u00a0\u00bb title_text=\u00a0\u00bbparcours babbo natale run\u00a0\u00bb _builder_version=\u00a0\u00bb4.27.2&Prime; _module_preset=\u00a0\u00bbdefault\u00a0\u00bb global_colors_info=\u00a0\u00bb{}\u00a0\u00bb][\/et_pb_image][\/et_pb_column][\/et_pb_row][\/et_pb_section]<\/p>\n","protected":false},"excerpt":{"rendered":"<p>Rejoignez-nous pour c\u00e9l\u00e9brer ensemble lors de la Course de No\u00ebl de Sanremo ! D\u00e9couvrez le parcours de la Babbo Natale Run !<\/p>\n","protected":false},"author":3,"featured_media":0,"parent":0,"menu_order":0,"comment_status":"closed","ping_status":"closed","template":"","meta":{"_et_pb_use_builder":"on","_et_pb_old_content":"","_et_gb_content_width":"","footnotes":""},"class_list":["post-1817","page","type-page","status-publish","hentry"],"_links":{"self":[{"href":"https:\/\/babbonatalerun.it\/fr\/wp-json\/wp\/v2\/pages\/1817","targetHints":{"allow":["GET"]}}],"collection":[{"href":"https:\/\/babbonatalerun.it\/fr\/wp-json\/wp\/v2\/pages"}],"about":[{"href":"https:\/\/babbonatalerun.it\/fr\/wp-json\/wp\/v2\/types\/page"}],"author":[{"embeddable":true,"href":"https:\/\/babbonatalerun.it\/fr\/wp-json\/wp\/v2\/users\/3"}],"replies":[{"embeddable":true,"href":"https:\/\/babbonatalerun.it\/fr\/wp-json\/wp\/v2\/comments?post=1817"}],"version-history":[{"count":6,"href":"https:\/\/babbonatalerun.it\/fr\/wp-json\/wp\/v2\/pages\/1817\/revisions"}],"predecessor-version":[{"id":1827,"href":"https:\/\/babbonatalerun.it\/fr\/wp-json\/wp\/v2\/pages\/1817\/revisions\/1827"}],"wp:attachment":[{"href":"https:\/\/babbonatalerun.it\/fr\/wp-json\/wp\/v2\/media?parent=1817"}],"curies":[{"name":"wp","href":"https:\/\/api.w.org\/{rel}","templated":true}]}}