{"id":1839,"date":"2024-11-19T12:59:50","date_gmt":"2024-11-19T12:59:50","guid":{"rendered":"https:\/\/babbonatalerun.it\/programme\/"},"modified":"2024-11-22T12:26:47","modified_gmt":"2024-11-22T12:26:47","slug":"programme","status":"publish","type":"page","link":"https:\/\/babbonatalerun.it\/fr\/programme\/","title":{"rendered":"Programme"},"content":{"rendered":"<p>[et_pb_section fb_built=\u00a0\u00bb1&Prime; _builder_version=\u00a0\u00bb4.27.0&Prime; _module_preset=\u00a0\u00bbdefault\u00a0\u00bb custom_margin=\u00a0\u00bb||||false|false\u00a0\u00bb global_colors_info=\u00a0\u00bb{}\u00a0\u00bb][et_pb_row _builder_version=\u00a0\u00bb4.27.0&Prime; _module_preset=\u00a0\u00bbdefault\u00a0\u00bb global_colors_info=\u00a0\u00bb{}\u00a0\u00bb][et_pb_column type=\u00a0\u00bb4_4&Prime; _builder_version=\u00a0\u00bb4.27.0&Prime; _module_preset=\u00a0\u00bbdefault\u00a0\u00bb global_colors_info=\u00a0\u00bb{}\u00a0\u00bb][et_pb_text _builder_version=\u00a0\u00bb4.27.3&Prime; _module_preset=\u00a0\u00bbdefault\u00a0\u00bb header_2_text_color=\u00a0\u00bb#9b1107&Prime; header_2_font_size=\u00a0\u00bb35px\u00a0\u00bb global_colors_info=\u00a0\u00bb{}\u00a0\u00bb]<\/p>\n<h2><strong>Programme et logistique de la COURSE DU P\u00c8RE NO\u00cbL et FAMILY RUN<\/strong><\/h2>\n<p>&nbsp;<\/p>\n<p>[\/et_pb_text][et_pb_text _builder_version=\u00a0\u00bb4.27.3&Prime; _module_preset=\u00a0\u00bbdefault\u00a0\u00bb header_2_text_color=\u00a0\u00bb#281e41&Prime; header_2_font_size=\u00a0\u00bb35px\u00a0\u00bb header_3_text_color=\u00a0\u00bb#9b1107&Prime; header_4_text_color=\u00a0\u00bb#9b1107&Prime; hover_enabled=\u00a0\u00bb0&Prime; locked=\u00a0\u00bboff\u00a0\u00bb global_colors_info=\u00a0\u00bb{}\u00a0\u00bb sticky_enabled=\u00a0\u00bb0&Prime;]<\/p>\n<h3 align=\"LEFT\"><strong>Samedi 21 d\u00e9cembre<\/strong><\/h3>\n<h4 align=\"LEFT\">de 15h00 \u00e0 18h00<\/h4>\n<p>Nouvelles inscriptions \u00e0 la Course du P\u00e8re No\u00ebl et \u00e0 la Family Run<br \/>Retrait des dossards Course du P\u00e8re No\u00ebl et Family Run<br \/>Retrait des kits de course<\/p>\n<p>Lieu : Parc polyvalent \u2013 Poggio (avec toilettes et parking)<\/p>\n<h3 align=\"LEFT\">\u00a0<\/h3>\n<h3 align=\"LEFT\"><strong>Dimanche 22 d\u00e9cembre<\/strong><\/h3>\n<h4 align=\"LEFT\">de 9h00 \u00e0 10h30<\/h4>\n<p>Nouvelles inscriptions \u00e0 la Course du P\u00e8re No\u00ebl et \u00e0 la Family Run<br \/>Retrait des dossards Course du P\u00e8re No\u00ebl et Family Run<br \/>Retrait des kits de course<br \/>Rassemblement<\/p>\n<p>Lieu : Parc polyvalent \u2013 Poggio (avec toilettes et parking)<\/p>\n<h4 align=\"LEFT\">\u00c0 10h30<\/h4>\n<p>D\u00e9part<\/p>\n<h4 align=\"LEFT\">\u00c0 12h00<\/h4>\n<p>Remise des prix<\/p>\n<p>Lieu : Parc polyvalent \u2013 Poggio (avec toilettes et parking)<\/p>\n<p>[\/et_pb_text][\/et_pb_column][\/et_pb_row][\/et_pb_section]<\/p>\n","protected":false},"excerpt":{"rendered":"<p>Rejoignez-nous pour c\u00e9l\u00e9brer ensemble lors de la Course de No\u00ebl de Sanremo ! Participe \u00e0 la Course du P\u00e8re No\u00ebl !<\/p>\n","protected":false},"author":3,"featured_media":0,"parent":0,"menu_order":0,"comment_status":"closed","ping_status":"closed","template":"","meta":{"_et_pb_use_builder":"on","_et_pb_old_content":"","_et_gb_content_width":"","footnotes":""},"class_list":["post-1839","page","type-page","status-publish","hentry"],"_links":{"self":[{"href":"https:\/\/babbonatalerun.it\/fr\/wp-json\/wp\/v2\/pages\/1839","targetHints":{"allow":["GET"]}}],"collection":[{"href":"https:\/\/babbonatalerun.it\/fr\/wp-json\/wp\/v2\/pages"}],"about":[{"href":"https:\/\/babbonatalerun.it\/fr\/wp-json\/wp\/v2\/types\/page"}],"author":[{"embeddable":true,"href":"https:\/\/babbonatalerun.it\/fr\/wp-json\/wp\/v2\/users\/3"}],"replies":[{"embeddable":true,"href":"https:\/\/babbonatalerun.it\/fr\/wp-json\/wp\/v2\/comments?post=1839"}],"version-history":[{"count":3,"href":"https:\/\/babbonatalerun.it\/fr\/wp-json\/wp\/v2\/pages\/1839\/revisions"}],"predecessor-version":[{"id":1859,"href":"https:\/\/babbonatalerun.it\/fr\/wp-json\/wp\/v2\/pages\/1839\/revisions\/1859"}],"wp:attachment":[{"href":"https:\/\/babbonatalerun.it\/fr\/wp-json\/wp\/v2\/media?parent=1839"}],"curies":[{"name":"wp","href":"https:\/\/api.w.org\/{rel}","templated":true}]}}